{"id":17456,"date":"2026-03-20T22:04:46","date_gmt":"2026-03-20T22:04:46","guid":{"rendered":"https:\/\/lecentrevert.com\/?post_type=product&#038;p=17456"},"modified":"2026-03-20T22:04:48","modified_gmt":"2026-03-20T22:04:48","slug":"washintonia-filifera-palmier-de-californie","status":"publish","type":"product","link":"https:\/\/lecentrevert.com\/ar\/product\/washintonia-filifera-palmier-de-californie\/","title":{"rendered":"Washintonia filifera -Palmier de californie"},"content":{"rendered":"<p>Le Washingtonia filifera, appel\u00e9 palmier de Californie, est un palmier robuste et tr\u00e8s r\u00e9sistant \u00e0 la chaleur. Id\u00e9al pour jardins, villas et am\u00e9nagements paysagers au Maroc. Livraison et plantation disponibles<\/p>","protected":false},"excerpt":{"rendered":"<p>\u00e0 partir de 100 dh selon la taille<\/p>","protected":false},"featured_media":17457,"comment_status":"open","ping_status":"closed","template":"","meta":[],"product_brand":[],"product_cat":[91],"product_tag":[],"class_list":{"0":"post-17456","1":"product","2":"type-product","3":"status-publish","4":"has-post-thumbnail","6":"product_cat-palmiers","8":"first","9":"instock","10":"sale","11":"shipping-taxable","12":"purchasable","13":"product-type-simple"},"_links":{"self":[{"href":"https:\/\/lecentrevert.com\/ar\/wp-json\/wp\/v2\/product\/17456","targetHints":{"allow":["GET"]}}],"collection":[{"href":"https:\/\/lecentrevert.com\/ar\/wp-json\/wp\/v2\/product"}],"about":[{"href":"https:\/\/lecentrevert.com\/ar\/wp-json\/wp\/v2\/types\/product"}],"replies":[{"embeddable":true,"href":"https:\/\/lecentrevert.com\/ar\/wp-json\/wp\/v2\/comments?post=17456"}],"version-history":[{"count":2,"href":"https:\/\/lecentrevert.com\/ar\/wp-json\/wp\/v2\/product\/17456\/revisions"}],"predecessor-version":[{"id":17459,"href":"https:\/\/lecentrevert.com\/ar\/wp-json\/wp\/v2\/product\/17456\/revisions\/17459"}],"wp:featuredmedia":[{"embeddable":true,"href":"https:\/\/lecentrevert.com\/ar\/wp-json\/wp\/v2\/media\/17457"}],"wp:attachment":[{"href":"https:\/\/lecentrevert.com\/ar\/wp-json\/wp\/v2\/media?parent=17456"}],"wp:term":[{"taxonomy":"product_brand","embeddable":true,"href":"https:\/\/lecentrevert.com\/ar\/wp-json\/wp\/v2\/product_brand?post=17456"},{"taxonomy":"product_cat","embeddable":true,"href":"https:\/\/lecentrevert.com\/ar\/wp-json\/wp\/v2\/product_cat?post=17456"},{"taxonomy":"product_tag","embeddable":true,"href":"https:\/\/lecentrevert.com\/ar\/wp-json\/wp\/v2\/product_tag?post=17456"}],"curies":[{"name":"wp","href":"https:\/\/api.w.org\/{rel}","templated":true}]}}